{"id":1257,"date":"2025-04-22T20:59:04","date_gmt":"2025-04-22T20:59:04","guid":{"rendered":"https:\/\/saintthomas.edu.do\/?page_id=1257"},"modified":"2025-05-28T15:36:58","modified_gmt":"2025-05-28T15:36:58","slug":"pre-registro","status":"publish","type":"page","link":"https:\/\/saintthomas.edu.do\/es\/pre-registro\/","title":{"rendered":"PRE REGISTRO"},"content":{"rendered":"<div data-elementor-type=\"wp-page\" data-elementor-id=\"1257\" class=\"elementor elementor-1257\" data-elementor-post-type=\"page\">\n\t\t\t\t<div class=\"elementor-element elementor-element-c78d12c e-flex e-con-boxed e-con e-parent\" data-id=\"c78d12c\" data-element_type=\"container\" data-e-type=\"container\">\n\t\t\t\t\t<div class=\"e-con-inner\">\n\t\t\t\t<div class=\"elementor-element elementor-element-1d7ac28 elementor-widget elementor-widget-heading\" data-id=\"1d7ac28\" data-element_type=\"widget\" data-e-type=\"widget\" data-widget_type=\"heading.default\">\n\t\t\t\t<div class=\"elementor-widget-container\">\n\t\t\t\t\t<h2 class=\"elementor-heading-title elementor-size-default\">PROCESO DE ADMISI\u00d3N\n<\/h2>\t\t\t\t<\/div>\n\t\t\t\t<\/div>\n\t\t\t\t<div class=\"elementor-element elementor-element-7d5cd09 elementor-widget elementor-widget-text-editor\" data-id=\"7d5cd09\" data-element_type=\"widget\" data-e-type=\"widget\" data-widget_type=\"text-editor.default\">\n\t\t\t\t<div class=\"elementor-widget-container\">\n\t\t\t\t\t\t\t\t\t<p>Para inscribir un estudiante de nuevo ingreso a Saint Thomas School, debe completar y enviar el formulario de Preinscripci\u00f3n. Luego de completarlo, le contactaremos para agendar una visita en persona, en la cual recibir\u00e1 toda la informaci\u00f3n relevante.<\/p>\t\t\t\t\t\t\t\t<\/div>\n\t\t\t\t<\/div>\n\t\t\t\t<div class=\"elementor-element elementor-element-ea2e073 elementor-widget elementor-widget-heading\" data-id=\"ea2e073\" data-element_type=\"widget\" data-e-type=\"widget\" data-widget_type=\"heading.default\">\n\t\t\t\t<div class=\"elementor-widget-container\">\n\t\t\t\t\t<h2 class=\"elementor-heading-title elementor-size-default\">FORMULARIO DE PRE-INSCRIPCI\u00d3N<\/h2>\t\t\t\t<\/div>\n\t\t\t\t<\/div>\n\t\t\t\t<div class=\"elementor-element elementor-element-977fb3c elementor-widget elementor-widget-shortcode\" data-id=\"977fb3c\" data-element_type=\"widget\" data-e-type=\"widget\" data-widget_type=\"shortcode.default\">\n\t\t\t\t<div class=\"elementor-widget-container\">\n\t\t\t\t\t\t\t<div class=\"elementor-shortcode\">\n<div class=\"wpcf7 no-js\" id=\"wpcf7-f1277-o1\" lang=\"en-US\" dir=\"ltr\" data-wpcf7-id=\"1277\">\n<div class=\"screen-reader-response\"><p role=\"status\" aria-live=\"polite\" aria-atomic=\"true\"><\/p> <ul><\/ul><\/div>\n<form action=\"\/es\/wp-json\/wp\/v2\/pages\/1257#wpcf7-f1277-o1\" method=\"post\" class=\"wpcf7-form init\" aria-label=\"Contact form\" novalidate=\"novalidate\" data-status=\"init\" data-trp-original-action=\"\/es\/wp-json\/wp\/v2\/pages\/1257#wpcf7-f1277-o1\">\n<fieldset class=\"hidden-fields-container\"><input type=\"hidden\" name=\"_wpcf7\" value=\"1277\" \/><input type=\"hidden\" name=\"_wpcf7_version\" value=\"6.1.5\" \/><input type=\"hidden\" name=\"_wpcf7_locale\" value=\"en_US\" \/><input type=\"hidden\" name=\"_wpcf7_unit_tag\" value=\"wpcf7-f1277-o1\" \/><input type=\"hidden\" name=\"_wpcf7_container_post\" value=\"0\" \/><input type=\"hidden\" name=\"_wpcf7_posted_data_hash\" value=\"\" \/><input type=\"hidden\" name=\"redirect_nonce\" value=\"e3476eeffb\" \/><input type=\"hidden\" name=\"wpcf7cfpdf_hidden_name\" value=\"pre-registro-april232026\" \/><input type=\"hidden\" name=\"wpcf7cfpdf_hidden_reference\" value=\"dd983f9f\" \/><input type=\"hidden\" name=\"wpcf7cfpdf_hidden_date\" value=\"April23,2026\" \/><input type=\"hidden\" name=\"_wpcf7_recaptcha_response\" value=\"\" \/>\n<\/fieldset>\n<h3>Informaci\u00f3n del estudiante\n<\/h3>\n<p><label>Grado de inter\u00e9s<br \/>\n<span class=\"wpcf7-form-control-wrap\" data-name=\"grado-interes\"><input size=\"40\" maxlength=\"400\" class=\"wpcf7-form-control wpcf7-text wpcf7-validates-as-required\" aria-required=\"true\" aria-invalid=\"false\" placeholder=\"E.g.: 10th\" value=\"\" type=\"text\" name=\"grado-interes\" \/><\/span><br \/>\n<\/label>\n<\/p>\n<p><label>A\u00f1o escolar<br \/>\n<span class=\"wpcf7-form-control-wrap\" data-name=\"anio-escolar\"><input size=\"40\" maxlength=\"400\" class=\"wpcf7-form-control wpcf7-text wpcf7-validates-as-required\" aria-required=\"true\" aria-invalid=\"false\" placeholder=\"E.g.: 2025\u20132026\" value=\"\" type=\"text\" name=\"anio-escolar\" \/><\/span><br \/>\n<\/label>\n<\/p>\n<p><label>Apellido del estudiante<br \/>\n<span class=\"wpcf7-form-control-wrap\" data-name=\"apellido-estudiante\"><input size=\"40\" maxlength=\"400\" class=\"wpcf7-form-control wpcf7-text wpcf7-validates-as-required\" aria-required=\"true\" aria-invalid=\"false\" placeholder=\"E.g.: P\u00e9rez\" value=\"\" type=\"text\" name=\"apellido-estudiante\" \/><\/span><br \/>\n<\/label>\n<\/p>\n<p><label>Nombre del estudiante<br \/>\n<span class=\"wpcf7-form-control-wrap\" data-name=\"nombre-estudiante\"><input size=\"40\" maxlength=\"400\" class=\"wpcf7-form-control wpcf7-text wpcf7-validates-as-required\" aria-required=\"true\" aria-invalid=\"false\" placeholder=\"E.g.: Mar\u00eda\" value=\"\" type=\"text\" name=\"nombre-estudiante\" \/><\/span><br \/>\n<\/label>\n<\/p>\n<p><label>Fecha de nacimiento<br \/>\n<span class=\"wpcf7-form-control-wrap\" data-name=\"fecha-nacimiento\"><input class=\"wpcf7-form-control wpcf7-date wpcf7-validates-as-required wpcf7-validates-as-date\" aria-required=\"true\" aria-invalid=\"false\" value=\"\" type=\"date\" name=\"fecha-nacimiento\" \/><\/span><br \/>\n<\/label>\n<\/p>\n<p><label>Escuela anterior<br \/>\n<span class=\"wpcf7-form-control-wrap\" data-name=\"colegio-anterior\"><input size=\"40\" maxlength=\"400\" class=\"wpcf7-form-control wpcf7-text\" aria-invalid=\"false\" value=\"\" type=\"text\" name=\"colegio-anterior\" \/><\/span><br \/>\n<\/label>\n<\/p>\n<h3>Informaci\u00f3n del padre\n<\/h3>\n<p><label>Nombre completo del padre<br \/>\n<span class=\"wpcf7-form-control-wrap\" data-name=\"padre-nombre\"><input size=\"40\" maxlength=\"400\" class=\"wpcf7-form-control wpcf7-text wpcf7-validates-as-required\" aria-required=\"true\" aria-invalid=\"false\" value=\"\" type=\"text\" name=\"padre-nombre\" \/><\/span><br \/>\n<\/label>\n<\/p>\n<p><label>N\u00famero de identificaci\u00f3n del padre<br \/>\n<span class=\"wpcf7-form-control-wrap\" data-name=\"padre-cedula\"><input size=\"40\" maxlength=\"400\" class=\"wpcf7-form-control wpcf7-text wpcf7-validates-as-required\" aria-required=\"true\" aria-invalid=\"false\" value=\"\" type=\"text\" name=\"padre-cedula\" \/><\/span><br \/>\n<\/label>\n<\/p>\n<p><label>Tel\u00e9fono de casa del padre<br \/>\n<span class=\"wpcf7-form-control-wrap\" data-name=\"padre-telefono-casa\"><input size=\"40\" maxlength=\"400\" class=\"wpcf7-form-control wpcf7-tel wpcf7-validates-as-required wpcf7-text wpcf7-validates-as-tel\" aria-required=\"true\" aria-invalid=\"false\" value=\"\" type=\"tel\" name=\"padre-telefono-casa\" \/><\/span><br \/>\n<\/label>\n<\/p>\n<p><label>El tel\u00e9fono m\u00f3vil del padre<br \/>\n<span class=\"wpcf7-form-control-wrap\" data-name=\"padre-movil\"><input size=\"40\" maxlength=\"400\" class=\"wpcf7-form-control wpcf7-tel wpcf7-text wpcf7-validates-as-tel\" aria-invalid=\"false\" value=\"\" type=\"tel\" name=\"padre-movil\" \/><\/span><br \/>\n<\/label>\n<\/p>\n<p><label>Lugar de trabajo del padre<br \/>\n<span class=\"wpcf7-form-control-wrap\" data-name=\"padre-trabajo\"><input size=\"40\" maxlength=\"400\" class=\"wpcf7-form-control wpcf7-text wpcf7-validates-as-required\" aria-required=\"true\" aria-invalid=\"false\" value=\"\" type=\"text\" name=\"padre-trabajo\" \/><\/span><br \/>\n<\/label>\n<\/p>\n<p><label>Cargo del padre<br \/>\n<span class=\"wpcf7-form-control-wrap\" data-name=\"padre-cargo\"><input size=\"40\" maxlength=\"400\" class=\"wpcf7-form-control wpcf7-text wpcf7-validates-as-required\" aria-required=\"true\" aria-invalid=\"false\" value=\"\" type=\"text\" name=\"padre-cargo\" \/><\/span><br \/>\n<\/label>\n<\/p>\n<p><label>Tel\u00e9fono de la oficina del padre<br \/>\n<span class=\"wpcf7-form-control-wrap\" data-name=\"padre-telefono-oficina\"><input size=\"40\" maxlength=\"400\" class=\"wpcf7-form-control wpcf7-tel wpcf7-validates-as-required wpcf7-text wpcf7-validates-as-tel\" aria-required=\"true\" aria-invalid=\"false\" value=\"\" type=\"tel\" name=\"padre-telefono-oficina\" \/><\/span><br \/>\n<\/label>\n<\/p>\n<p><label>Correo electr\u00f3nico del padre<br \/>\n<span class=\"wpcf7-form-control-wrap\" data-name=\"padre-email\"><input size=\"40\" maxlength=\"400\" class=\"wpcf7-form-control wpcf7-email wpcf7-validates-as-required wpcf7-text wpcf7-validates-as-email\" aria-required=\"true\" aria-invalid=\"false\" value=\"\" type=\"email\" name=\"padre-email\" \/><\/span><br \/>\n<\/label>\n<\/p>\n<h3>Informaci\u00f3n de la madre\n<\/h3>\n<p><label>Nombre completo de la madre<br \/>\n<span class=\"wpcf7-form-control-wrap\" data-name=\"madre-nombre\"><input size=\"40\" maxlength=\"400\" class=\"wpcf7-form-control wpcf7-text wpcf7-validates-as-required\" aria-required=\"true\" aria-invalid=\"false\" value=\"\" type=\"text\" name=\"madre-nombre\" \/><\/span><br \/>\n<\/label>\n<\/p>\n<p><label>N\u00famero de identificaci\u00f3n de la madre<br \/>\n<span class=\"wpcf7-form-control-wrap\" data-name=\"madre-cedula\"><input size=\"40\" maxlength=\"400\" class=\"wpcf7-form-control wpcf7-text wpcf7-validates-as-required\" aria-required=\"true\" aria-invalid=\"false\" value=\"\" type=\"text\" name=\"madre-cedula\" \/><\/span><br \/>\n<\/label>\n<\/p>\n<p><label>Tel\u00e9fono de casa de la madre<br \/>\n<span class=\"wpcf7-form-control-wrap\" data-name=\"madre-telefono-casa\"><input size=\"40\" maxlength=\"400\" class=\"wpcf7-form-control wpcf7-tel wpcf7-validates-as-required wpcf7-text wpcf7-validates-as-tel\" aria-required=\"true\" aria-invalid=\"false\" value=\"\" type=\"tel\" name=\"madre-telefono-casa\" \/><\/span><br \/>\n<\/label>\n<\/p>\n<p><label>Tel\u00e9fono m\u00f3vil de la madre<br \/>\n<span class=\"wpcf7-form-control-wrap\" data-name=\"madre-movil\"><input size=\"40\" maxlength=\"400\" class=\"wpcf7-form-control wpcf7-tel wpcf7-validates-as-required wpcf7-text wpcf7-validates-as-tel\" aria-required=\"true\" aria-invalid=\"false\" value=\"\" type=\"tel\" name=\"madre-movil\" \/><\/span><br \/>\n<\/label>\n<\/p>\n<p><label>Lugar de trabajo de la madre<br \/>\n<span class=\"wpcf7-form-control-wrap\" data-name=\"madre-trabajo\"><input size=\"40\" maxlength=\"400\" class=\"wpcf7-form-control wpcf7-text\" aria-invalid=\"false\" value=\"\" type=\"text\" name=\"madre-trabajo\" \/><\/span><br \/>\n<\/label>\n<\/p>\n<p><label>Cargo de la madre<br \/>\n<span class=\"wpcf7-form-control-wrap\" data-name=\"madre-cargo\"><input size=\"40\" maxlength=\"400\" class=\"wpcf7-form-control wpcf7-text\" aria-invalid=\"false\" value=\"\" type=\"text\" name=\"madre-cargo\" \/><\/span><br \/>\n<\/label>\n<\/p>\n<p><label>Tel\u00e9fono de la oficina de la madre<br \/>\n<span class=\"wpcf7-form-control-wrap\" data-name=\"madre-telefono-oficina\"><input size=\"40\" maxlength=\"400\" class=\"wpcf7-form-control wpcf7-tel wpcf7-text wpcf7-validates-as-tel\" aria-invalid=\"false\" value=\"\" type=\"tel\" name=\"madre-telefono-oficina\" \/><\/span><br \/>\n<\/label>\n<\/p>\n<p><label>Correo electr\u00f3nico de la madre<br \/>\n<span class=\"wpcf7-form-control-wrap\" data-name=\"madre-email\"><input size=\"40\" maxlength=\"400\" class=\"wpcf7-form-control wpcf7-email wpcf7-validates-as-required wpcf7-text wpcf7-validates-as-email\" aria-required=\"true\" aria-invalid=\"false\" value=\"\" type=\"email\" name=\"madre-email\" \/><\/span><br \/>\n<\/label>\n<\/p>\n<h3>\u00bfC\u00f3mo se enter\u00f3 de nuestra escuela?\n<\/h3>\n<p><span class=\"wpcf7-form-control-wrap\" data-name=\"fuente\"><span class=\"wpcf7-form-control wpcf7-checkbox wpcf7-validates-as-required\"><span class=\"wpcf7-list-item first\"><label><input type=\"checkbox\" name=\"fuente[]\" value=\"Social Media\" \/><span class=\"wpcf7-list-item-label\">Redes Sociales<\/span><\/label><\/span><span class=\"wpcf7-list-item\"><label><input type=\"checkbox\" name=\"fuente[]\" value=\"Website\" \/><span class=\"wpcf7-list-item-label\">P\u00e1gina web<\/span><\/label><\/span><span class=\"wpcf7-list-item last\"><label><input type=\"checkbox\" name=\"fuente[]\" value=\"Newspaper\/Magazine\" \/><span class=\"wpcf7-list-item-label\">Peri\u00f3dico\/Revista<\/span><\/label><\/span><\/span><\/span>\n<\/p>\n<h3>Referido por\n<\/h3>\n<p><span class=\"wpcf7-form-control-wrap\" data-name=\"recomendacion\"><select class=\"wpcf7-form-control wpcf7-select recomendacion\" aria-invalid=\"false\" name=\"recomendacion\"><option value=\"\"><\/option><option value=\"School Parent\">Padre del Colegio<\/option><option value=\"School Employee\">Empleado del Colegio<\/option><option value=\"Friend\">Amigo<\/option><\/select><\/span>\n<\/p>\n<p><input class=\"wpcf7-form-control wpcf7-submit has-spinner\" type=\"submit\" value=\"Enviar\" \/>\n<\/p><p style=\"display: none !important;\" class=\"akismet-fields-container\" data-prefix=\"_wpcf7_ak_\"><label>&#916;<textarea name=\"_wpcf7_ak_hp_textarea\" cols=\"45\" rows=\"8\" maxlength=\"100\"><\/textarea><\/label><input type=\"hidden\" id=\"ak_js_1\" name=\"_wpcf7_ak_js\" value=\"92\"\/><script>document.getElementById( \"ak_js_1\" ).setAttribute( \"value\", ( new Date() ).getTime() );<\/script><\/p><div class=\"wpcf7-response-output\" aria-hidden=\"true\"><\/div>\n<input type=\"hidden\" name=\"trp-form-language\" value=\"es\"\/><\/form>\n<\/div>\n<\/div>\n\t\t\t\t\t\t<\/div>\n\t\t\t\t<\/div>\n\t\t\t\t\t<\/div>\n\t\t\t\t<\/div>\n\t\t<div class=\"elementor-element elementor-element-89d11cb e-flex e-con-boxed e-con e-parent\" data-id=\"89d11cb\" data-element_type=\"container\" data-e-type=\"container\" data-settings=\"{&quot;background_background&quot;:&quot;classic&quot;}\">\n\t\t\t\t\t<div class=\"e-con-inner\">\n\t\t<div class=\"elementor-element elementor-element-7c24a0a e-con-full e-flex e-con e-child\" data-id=\"7c24a0a\" data-element_type=\"container\" data-e-type=\"container\" data-settings=\"{&quot;background_background&quot;:&quot;classic&quot;}\">\n\t\t\t\t<div class=\"elementor-element elementor-element-02c571e elementor-widget elementor-widget-heading\" data-id=\"02c571e\" data-element_type=\"widget\" data-e-type=\"widget\" data-widget_type=\"heading.default\">\n\t\t\t\t<div class=\"elementor-widget-container\">\n\t\t\t\t\t<h2 class=\"elementor-heading-title elementor-size-default\">Comienza tu viaje con Saint Thomas School<\/h2>\t\t\t\t<\/div>\n\t\t\t\t<\/div>\n\t\t\t\t<div class=\"elementor-element elementor-element-0c1124e elementor-widget elementor-widget-text-editor\" data-id=\"0c1124e\" data-element_type=\"widget\" data-e-type=\"widget\" data-widget_type=\"text-editor.default\">\n\t\t\t\t<div class=\"elementor-widget-container\">\n\t\t\t\t\t\t\t\t\t<p>\u00danase a nuestra vibrante comunidad de aprendizaje donde su hijo\/a prosperar\u00e1 acad\u00e9mica, social y personalmente. D\u00e9 el primer paso hacia una experiencia educativa excepcional.<\/p>\t\t\t\t\t\t\t\t<\/div>\n\t\t\t\t<\/div>\n\t\t\t\t<\/div>\n\t\t\t\t\t<\/div>\n\t\t\t\t<\/div>\n\t\t\t\t<\/div>","protected":false},"excerpt":{"rendered":"<p>ADMISSION PROCESS To enroll a new student at Saint Thomas School, you must complete and send the Pre-registration form. After you do so, we will reach out to you to schedule an in-person visit, during which you will receive all pertinent information. PRE-REGISTRATION FORM Begin Your Journey with Saint Thomas School Join our vibrant learning [&hellip;]<\/p>\n","protected":false},"author":1,"featured_media":0,"parent":0,"menu_order":0,"comment_status":"closed","ping_status":"closed","template":"","meta":{"footnotes":""},"class_list":["post-1257","page","type-page","status-publish","hentry"],"yoast_head":"<!-- This site is optimized with the Yoast SEO plugin v27.4 - https:\/\/yoast.com\/product\/yoast-seo-wordpress\/ -->\n<title>PRE REGISTRO - Saint Thomas School<\/title>\n<meta name=\"robots\" content=\"index, follow, max-snippet:-1, max-image-preview:large, max-video-preview:-1\" \/>\n<link rel=\"canonical\" href=\"https:\/\/saintthomas.edu.do\/es\/pre-registro\/\" \/>\n<meta property=\"og:locale\" content=\"es_ES\" \/>\n<meta property=\"og:type\" content=\"article\" \/>\n<meta property=\"og:title\" content=\"PRE REGISTRO - Saint Thomas School\" \/>\n<meta property=\"og:description\" content=\"ADMISSION PROCESS To enroll a new student at Saint Thomas School, you must complete and send the Pre-registration form. After you do so, we will reach out to you to schedule an in-person visit, during which you will receive all pertinent information. PRE-REGISTRATION FORM Begin Your Journey with Saint Thomas School Join our vibrant learning [&hellip;]\" \/>\n<meta property=\"og:url\" content=\"https:\/\/saintthomas.edu.do\/es\/pre-registro\/\" \/>\n<meta property=\"og:site_name\" content=\"Saint Thomas School\" \/>\n<meta property=\"article:publisher\" content=\"https:\/\/www.facebook.com\/SaintThomasSchoolDR\" \/>\n<meta property=\"article:modified_time\" content=\"2025-05-28T15:36:58+00:00\" \/>\n<meta property=\"og:image\" content=\"https:\/\/saintthomas.edu.do\/wp-content\/uploads\/2025\/06\/Saint-Tomas-School-.png\" \/>\n\t<meta property=\"og:image:width\" content=\"360\" \/>\n\t<meta property=\"og:image:height\" content=\"360\" \/>\n\t<meta property=\"og:image:type\" content=\"image\/png\" \/>\n<meta name=\"twitter:card\" content=\"summary_large_image\" \/>\n<script type=\"application\/ld+json\" class=\"yoast-schema-graph\">{\"@context\":\"https:\\\/\\\/schema.org\",\"@graph\":[{\"@type\":\"WebPage\",\"@id\":\"https:\\\/\\\/saintthomas.edu.do\\\/pre-registro\\\/\",\"url\":\"https:\\\/\\\/saintthomas.edu.do\\\/pre-registro\\\/\",\"name\":\"PRE REGISTRO - Saint Thomas School\",\"isPartOf\":{\"@id\":\"https:\\\/\\\/saintthomas.edu.do\\\/#website\"},\"datePublished\":\"2025-04-22T20:59:04+00:00\",\"dateModified\":\"2025-05-28T15:36:58+00:00\",\"breadcrumb\":{\"@id\":\"https:\\\/\\\/saintthomas.edu.do\\\/pre-registro\\\/#breadcrumb\"},\"inLanguage\":\"es-DO\",\"potentialAction\":[{\"@type\":\"ReadAction\",\"target\":[\"https:\\\/\\\/saintthomas.edu.do\\\/pre-registro\\\/\"]}]},{\"@type\":\"BreadcrumbList\",\"@id\":\"https:\\\/\\\/saintthomas.edu.do\\\/pre-registro\\\/#breadcrumb\",\"itemListElement\":[{\"@type\":\"ListItem\",\"position\":1,\"name\":\"Home\",\"item\":\"https:\\\/\\\/saintthomas.edu.do\\\/\"},{\"@type\":\"ListItem\",\"position\":2,\"name\":\"PRE REGISTRO\"}]},{\"@type\":\"WebSite\",\"@id\":\"https:\\\/\\\/saintthomas.edu.do\\\/#website\",\"url\":\"https:\\\/\\\/saintthomas.edu.do\\\/\",\"name\":\"Saint Thomas School\",\"description\":\"Education for life!\",\"publisher\":{\"@id\":\"https:\\\/\\\/saintthomas.edu.do\\\/#organization\"},\"potentialAction\":[{\"@type\":\"SearchAction\",\"target\":{\"@type\":\"EntryPoint\",\"urlTemplate\":\"https:\\\/\\\/saintthomas.edu.do\\\/?s={search_term_string}\"},\"query-input\":{\"@type\":\"PropertyValueSpecification\",\"valueRequired\":true,\"valueName\":\"search_term_string\"}}],\"inLanguage\":\"es-DO\"},{\"@type\":\"Organization\",\"@id\":\"https:\\\/\\\/saintthomas.edu.do\\\/#organization\",\"name\":\"Saint Thomas School\",\"alternateName\":\"STS\",\"url\":\"https:\\\/\\\/saintthomas.edu.do\\\/\",\"logo\":{\"@type\":\"ImageObject\",\"inLanguage\":\"es-DO\",\"@id\":\"https:\\\/\\\/saintthomas.edu.do\\\/#\\\/schema\\\/logo\\\/image\\\/\",\"url\":\"https:\\\/\\\/saintthomas.edu.do\\\/wp-content\\\/uploads\\\/2025\\\/06\\\/Saint-Tomas-School-.png\",\"contentUrl\":\"https:\\\/\\\/saintthomas.edu.do\\\/wp-content\\\/uploads\\\/2025\\\/06\\\/Saint-Tomas-School-.png\",\"width\":360,\"height\":360,\"caption\":\"Saint Thomas School\"},\"image\":{\"@id\":\"https:\\\/\\\/saintthomas.edu.do\\\/#\\\/schema\\\/logo\\\/image\\\/\"},\"sameAs\":[\"https:\\\/\\\/www.facebook.com\\\/SaintThomasSchoolDR\",\"https:\\\/\\\/www.instagram.com\\\/saintthomasschool\\\/\"]}]}<\/script>\n<!-- \/ Yoast SEO plugin. -->","yoast_head_json":{"title":"PRE REGISTRO - Saint Thomas School","robots":{"index":"index","follow":"follow","max-snippet":"max-snippet:-1","max-image-preview":"max-image-preview:large","max-video-preview":"max-video-preview:-1"},"canonical":"https:\/\/saintthomas.edu.do\/es\/pre-registro\/","og_locale":"es_ES","og_type":"article","og_title":"PRE REGISTRO - Saint Thomas School","og_description":"ADMISSION PROCESS To enroll a new student at Saint Thomas School, you must complete and send the Pre-registration form. After you do so, we will reach out to you to schedule an in-person visit, during which you will receive all pertinent information. PRE-REGISTRATION FORM Begin Your Journey with Saint Thomas School Join our vibrant learning [&hellip;]","og_url":"https:\/\/saintthomas.edu.do\/es\/pre-registro\/","og_site_name":"Saint Thomas School","article_publisher":"https:\/\/www.facebook.com\/SaintThomasSchoolDR","article_modified_time":"2025-05-28T15:36:58+00:00","og_image":[{"width":360,"height":360,"url":"https:\/\/saintthomas.edu.do\/wp-content\/uploads\/2025\/06\/Saint-Tomas-School-.png","type":"image\/png"}],"twitter_card":"summary_large_image","schema":{"@context":"https:\/\/schema.org","@graph":[{"@type":"WebPage","@id":"https:\/\/saintthomas.edu.do\/pre-registro\/","url":"https:\/\/saintthomas.edu.do\/pre-registro\/","name":"PRE REGISTRO - Saint Thomas School","isPartOf":{"@id":"https:\/\/saintthomas.edu.do\/#website"},"datePublished":"2025-04-22T20:59:04+00:00","dateModified":"2025-05-28T15:36:58+00:00","breadcrumb":{"@id":"https:\/\/saintthomas.edu.do\/pre-registro\/#breadcrumb"},"inLanguage":"es-DO","potentialAction":[{"@type":"ReadAction","target":["https:\/\/saintthomas.edu.do\/pre-registro\/"]}]},{"@type":"BreadcrumbList","@id":"https:\/\/saintthomas.edu.do\/pre-registro\/#breadcrumb","itemListElement":[{"@type":"ListItem","position":1,"name":"Home","item":"https:\/\/saintthomas.edu.do\/"},{"@type":"ListItem","position":2,"name":"PRE REGISTRO"}]},{"@type":"WebSite","@id":"https:\/\/saintthomas.edu.do\/#website","url":"https:\/\/saintthomas.edu.do\/","name":"Saint Thomas School","description":"Education for life!","publisher":{"@id":"https:\/\/saintthomas.edu.do\/#organization"},"potentialAction":[{"@type":"SearchAction","target":{"@type":"EntryPoint","urlTemplate":"https:\/\/saintthomas.edu.do\/?s={search_term_string}"},"query-input":{"@type":"PropertyValueSpecification","valueRequired":true,"valueName":"search_term_string"}}],"inLanguage":"es-DO"},{"@type":"Organization","@id":"https:\/\/saintthomas.edu.do\/#organization","name":"Saint Thomas School","alternateName":"STS","url":"https:\/\/saintthomas.edu.do\/","logo":{"@type":"ImageObject","inLanguage":"es-DO","@id":"https:\/\/saintthomas.edu.do\/#\/schema\/logo\/image\/","url":"https:\/\/saintthomas.edu.do\/wp-content\/uploads\/2025\/06\/Saint-Tomas-School-.png","contentUrl":"https:\/\/saintthomas.edu.do\/wp-content\/uploads\/2025\/06\/Saint-Tomas-School-.png","width":360,"height":360,"caption":"Saint Thomas School"},"image":{"@id":"https:\/\/saintthomas.edu.do\/#\/schema\/logo\/image\/"},"sameAs":["https:\/\/www.facebook.com\/SaintThomasSchoolDR","https:\/\/www.instagram.com\/saintthomasschool\/"]}]}},"jetpack_sharing_enabled":true,"_links":{"self":[{"href":"https:\/\/saintthomas.edu.do\/es\/wp-json\/wp\/v2\/pages\/1257","targetHints":{"allow":["GET"]}}],"collection":[{"href":"https:\/\/saintthomas.edu.do\/es\/wp-json\/wp\/v2\/pages"}],"about":[{"href":"https:\/\/saintthomas.edu.do\/es\/wp-json\/wp\/v2\/types\/page"}],"author":[{"embeddable":true,"href":"https:\/\/saintthomas.edu.do\/es\/wp-json\/wp\/v2\/users\/1"}],"replies":[{"embeddable":true,"href":"https:\/\/saintthomas.edu.do\/es\/wp-json\/wp\/v2\/comments?post=1257"}],"version-history":[{"count":23,"href":"https:\/\/saintthomas.edu.do\/es\/wp-json\/wp\/v2\/pages\/1257\/revisions"}],"predecessor-version":[{"id":2134,"href":"https:\/\/saintthomas.edu.do\/es\/wp-json\/wp\/v2\/pages\/1257\/revisions\/2134"}],"wp:attachment":[{"href":"https:\/\/saintthomas.edu.do\/es\/wp-json\/wp\/v2\/media?parent=1257"}],"curies":[{"name":"wp","href":"https:\/\/api.w.org\/{rel}","templated":true}]}}